{"id":639,"date":"2025-09-02T16:41:49","date_gmt":"2025-09-02T14:41:49","guid":{"rendered":"https:\/\/wilhelmglobal.com\/?page_id=639"},"modified":"2025-11-08T02:47:03","modified_gmt":"2025-11-08T00:47:03","slug":"blog","status":"publish","type":"page","link":"https:\/\/wilhelmglobal.com\/en\/blog\/","title":{"rendered":"Blog"},"content":{"rendered":"<style>.elementor-639 .elementor-element.elementor-element-1b8d8059{--display:flex;--flex-direction:row;--container-widget-width:initial;--container-widget-height:100%;--container-widget-flex-grow:1;--container-widget-align-self:stretch;--flex-wrap-mobile:wrap;--gap:0px 0px;--row-gap:0px;--column-gap:0px;--overlay-opacity:0.4;--margin-top:-100px;--margin-bottom:0px;--margin-left:0px;--margin-right:0px;--padding-top:0px;--padding-bottom:0px;--padding-left:0px;--padding-right:0px;}.elementor-639 .elementor-element.elementor-element-1b8d8059:not(.elementor-motion-effects-element-type-background), .elementor-639 .elementor-element.elementor-element-1b8d8059 > .elementor-motion-effects-container > .elementor-motion-effects-layer{background-image:url(\"https:\/\/wilhelmglobal.com\/wp-content\/uploads\/2025\/09\/Wilhelm-Global-hero-1.webp\");background-position:top center;background-repeat:no-repeat;background-size:cover;}.elementor-639 .elementor-element.elementor-element-1b8d8059::before, .elementor-639 .elementor-element.elementor-element-1b8d8059 > .elementor-background-video-container::before, .elementor-639 .elementor-element.elementor-element-1b8d8059 > .e-con-inner > .elementor-background-video-container::before, .elementor-639 .elementor-element.elementor-element-1b8d8059 > .elementor-background-slideshow::before, .elementor-639 .elementor-element.elementor-element-1b8d8059 > .e-con-inner > .elementor-background-slideshow::before, .elementor-639 .elementor-element.elementor-element-1b8d8059 > .elementor-motion-effects-container > .elementor-motion-effects-layer::before{--background-overlay:'';background-color:var( --e-global-color-primary );}.elementor-639 .elementor-element.elementor-element-54b6dd8e{--display:flex;--flex-direction:column;--container-widget-width:100%;--container-widget-height:initial;--container-widget-flex-grow:0;--container-widget-align-self:initial;--flex-wrap-mobile:wrap;--gap:0px 0px;--row-gap:0px;--column-gap:0px;--margin-top:0px;--margin-bottom:0px;--margin-left:0px;--margin-right:0px;--padding-top:250px;--padding-bottom:150px;--padding-left:0px;--padding-right:0px;}.elementor-639 .elementor-element.elementor-element-54b6dd8e:not(.elementor-motion-effects-element-type-background), .elementor-639 .elementor-element.elementor-element-54b6dd8e > .elementor-motion-effects-container > .elementor-motion-effects-layer{background-color:transparent;background-image:linear-gradient(180deg, var( --e-global-color-primary ) 0%, #F2295B00 65%);}.elementor-639 .elementor-element.elementor-element-3d12a8ed{--display:flex;--flex-direction:column;--container-widget-width:100%;--container-widget-height:initial;--container-widget-flex-grow:0;--container-widget-align-self:initial;--flex-wrap-mobile:wrap;--gap:0px 0px;--row-gap:0px;--column-gap:0px;--margin-top:0px;--margin-bottom:0px;--margin-left:0px;--margin-right:0px;--padding-top:0px;--padding-bottom:0px;--padding-left:0px;--padding-right:0px;}.elementor-639 .elementor-element.elementor-element-7a406864{text-align:center;}.elementor-639 .elementor-element.elementor-element-7a406864 .elementor-heading-title{color:var( --e-global-color-ea5e469 );}.elementor-639 .elementor-element.elementor-element-69492aab{--display:flex;--flex-direction:row;--container-widget-width:initial;--container-widget-height:100%;--container-widget-flex-grow:1;--container-widget-align-self:stretch;--flex-wrap-mobile:wrap;--gap:25px 25px;--row-gap:25px;--column-gap:25px;--margin-top:0px;--margin-bottom:0px;--margin-left:0px;--margin-right:0px;--padding-top:100px;--padding-bottom:100px;--padding-left:0px;--padding-right:0px;}.elementor-639 .elementor-element.elementor-element-3fa667b .elementor-posts-container .elementor-post__thumbnail{padding-bottom:calc( 0.66 * 100% );}.elementor-639 .elementor-element.elementor-element-3fa667b:after{content:\"0.66\";}.elementor-639 .elementor-element.elementor-element-3fa667b .elementor-post__meta-data span + span:before{content:\"\u2022\";}.elementor-639 .elementor-element.elementor-element-3fa667b{--grid-column-gap:30px;--grid-row-gap:35px;}.elementor-639 .elementor-element.elementor-element-3fa667b .elementor-post__text{margin-top:20px;}.elementor-639 .elementor-element.elementor-element-3fa667b .elementor-post__title, .elementor-639 .elementor-element.elementor-element-3fa667b .elementor-post__title a{font-size:19px;line-height:28px;letter-spacing:-0.4px;}.elementor-639 .elementor-element.elementor-element-3fa667b .elementor-post__title{margin-bottom:19px;}:root{--page-title-display:none;}@media(min-width:768px){.elementor-639 .elementor-element.elementor-element-54b6dd8e{--width:100%;}}@media(max-width:1024px){.elementor-639 .elementor-element.elementor-element-1b8d8059{--margin-top:-90px;--margin-bottom:0px;--margin-left:0px;--margin-right:0px;--padding-top:0px;--padding-bottom:0px;--padding-left:0px;--padding-right:0px;}.elementor-639 .elementor-element.elementor-element-54b6dd8e{--margin-top:0px;--margin-bottom:0px;--margin-left:0px;--margin-right:0px;--padding-top:150px;--padding-bottom:80px;--padding-left:20px;--padding-right:20px;}.elementor-639 .elementor-element.elementor-element-69492aab{--gap:0px 20px;--row-gap:0px;--column-gap:20px;--margin-top:0px;--margin-bottom:0px;--margin-left:0px;--margin-right:0px;--padding-top:70px;--padding-bottom:70px;--padding-left:20px;--padding-right:20px;}}@media(max-width:767px){.elementor-639 .elementor-element.elementor-element-1b8d8059{--margin-top:-85px;--margin-bottom:0px;--margin-left:0px;--margin-right:0px;}.elementor-639 .elementor-element.elementor-element-54b6dd8e{--padding-top:140px;--padding-bottom:70px;--padding-left:20px;--padding-right:20px;}.elementor-639 .elementor-element.elementor-element-69492aab{--margin-top:0px;--margin-bottom:0px;--margin-left:0px;--margin-right:0px;--padding-top:50px;--padding-bottom:50px;--padding-left:20px;--padding-right:20px;}.elementor-639 .elementor-element.elementor-element-3fa667b .elementor-posts-container .elementor-post__thumbnail{padding-bottom:calc( 0.5 * 100% );}.elementor-639 .elementor-element.elementor-element-3fa667b:after{content:\"0.5\";}}<\/style>\t\t<div data-elementor-type=\"wp-page\" data-elementor-id=\"639\" class=\"elementor elementor-639\" data-elementor-post-type=\"page\">\n\t\t\t\t<div class=\"elementor-element elementor-element-1b8d8059 e-con-full e-flex e-con e-parent\" data-id=\"1b8d8059\" data-element_type=\"container\" data-e-type=\"container\" data-settings=\"{&quot;background_background&quot;:&quot;classic&quot;}\">\n\t\t<div class=\"elementor-element elementor-element-54b6dd8e e-con-full e-flex e-con e-child\" data-id=\"54b6dd8e\" data-element_type=\"container\" data-e-type=\"container\" data-settings=\"{&quot;background_background&quot;:&quot;gradient&quot;}\">\n\t\t<div class=\"elementor-element elementor-element-3d12a8ed e-flex e-con-boxed e-con e-child\" data-id=\"3d12a8ed\" data-element_type=\"container\" data-e-type=\"container\">\n\t\t\t\t\t<div class=\"e-con-inner\">\n\t\t\t\t<div class=\"elementor-element elementor-element-7a406864 elementor-widget elementor-widget-heading\" data-id=\"7a406864\" data-element_type=\"widget\" data-e-type=\"widget\" data-widget_type=\"heading.default\">\n\t\t\t\t<div class=\"elementor-widget-container\">\n\t\t\t\t\t<h2 class=\"elementor-heading-title elementor-size-default\">BLOG<\/h2>\t\t\t\t<\/div>\n\t\t\t\t<\/div>\n\t\t\t\t\t<\/div>\n\t\t\t\t<\/div>\n\t\t\t\t<\/div>\n\t\t\t\t<\/div>\n\t\t<div class=\"elementor-element elementor-element-69492aab e-flex e-con-boxed e-con e-parent\" data-id=\"69492aab\" data-element_type=\"container\" data-e-type=\"container\">\n\t\t\t\t\t<div class=\"e-con-inner\">\n\t\t\t\t<div class=\"elementor-element elementor-element-3fa667b elementor-grid-3 elementor-grid-tablet-2 elementor-grid-mobile-1 elementor-posts--thumbnail-top elementor-card-shadow-yes elementor-posts__hover-gradient elementor-widget elementor-widget-posts\" data-id=\"3fa667b\" data-element_type=\"widget\" data-e-type=\"widget\" data-settings=\"{&quot;cards_columns&quot;:&quot;3&quot;,&quot;cards_columns_tablet&quot;:&quot;2&quot;,&quot;cards_columns_mobile&quot;:&quot;1&quot;,&quot;cards_row_gap&quot;:{&quot;unit&quot;:&quot;px&quot;,&quot;size&quot;:35,&quot;sizes&quot;:[]},&quot;cards_row_gap_tablet&quot;:{&quot;unit&quot;:&quot;px&quot;,&quot;size&quot;:&quot;&quot;,&quot;sizes&quot;:[]},&quot;cards_row_gap_mobile&quot;:{&quot;unit&quot;:&quot;px&quot;,&quot;size&quot;:&quot;&quot;,&quot;sizes&quot;:[]}}\" data-widget_type=\"posts.cards\">\n\t\t\t\t<div class=\"elementor-widget-container\">\n\t\t\t\t\t\t\t<div class=\"elementor-posts-container elementor-posts elementor-posts--skin-cards elementor-grid\" role=\"list\">\n\t\t\t\t<article class=\"elementor-post elementor-grid-item post-1 post type-post status-publish format-standard has-post-thumbnail hentry category-uncategorized\" role=\"listitem\">\n\t\t\t<div class=\"elementor-post__card\">\n\t\t\t\t<a class=\"elementor-post__thumbnail__link\" href=\"https:\/\/wilhelmglobal.com\/en\/megujultunk\/\" tabindex=\"-1\" ><div class=\"elementor-post__thumbnail\"><img fetchpriority=\"high\" decoding=\"async\" width=\"300\" height=\"225\" src=\"https:\/\/wilhelmglobal.com\/wp-content\/uploads\/2025\/03\/wilhelmglobal-megujulas-300x225.webp\" class=\"attachment-medium size-medium wp-image-1267\" alt=\"\" srcset=\"https:\/\/wilhelmglobal.com\/wp-content\/uploads\/2025\/03\/wilhelmglobal-megujulas-300x225.webp 300w, https:\/\/wilhelmglobal.com\/wp-content\/uploads\/2025\/03\/wilhelmglobal-megujulas-1024x768.webp 1024w, https:\/\/wilhelmglobal.com\/wp-content\/uploads\/2025\/03\/wilhelmglobal-megujulas-768x576.webp 768w, https:\/\/wilhelmglobal.com\/wp-content\/uploads\/2025\/03\/wilhelmglobal-megujulas-1536x1152.webp 1536w, https:\/\/wilhelmglobal.com\/wp-content\/uploads\/2025\/03\/wilhelmglobal-megujulas-16x12.webp 16w, https:\/\/wilhelmglobal.com\/wp-content\/uploads\/2025\/03\/wilhelmglobal-megujulas.webp 2000w\" sizes=\"(max-width: 300px) 100vw, 300px\" \/><\/div><\/a>\n\t\t\t\t<div class=\"elementor-post__text\">\n\t\t\t\t<h3 class=\"elementor-post__title\">\n\t\t\t<a href=\"https:\/\/wilhelmglobal.com\/en\/megujultunk\/\" >\n\t\t\t\t15 years of the Wilhelm Global team - New look and modern website with the same passion\t\t\t<\/a>\n\t\t<\/h3>\n\t\t\t\t<div class=\"elementor-post__excerpt\">\n\t\t\t<p>This year we have reached a special milestone: the Wilhelm Global team has turned 15 years old!Fifteen years of hard work, development and hospitality - from a family business to a complex<\/p>\n\t\t<\/div>\n\t\t\n\t\t<a class=\"elementor-post__read-more\" href=\"https:\/\/wilhelmglobal.com\/en\/megujultunk\/\" aria-label=\"Read more about 15 \u00e9ves a Wilhelm Global csapata &#8211; Meg\u00fajult arculat \u00e9s modern weboldal, v\u00e1ltozatlan szenved\u00e9llyel\" tabindex=\"-1\" >\n\t\t\tRead more\t\t<\/a>\n\n\t\t\t\t<\/div>\n\t\t\t\t\t<\/div>\n\t\t<\/article>\n\t\t\t\t<\/div>\n\t\t\n\t\t\t\t\t\t<\/div>\n\t\t\t\t<\/div>\n\t\t\t\t\t<\/div>\n\t\t\t\t<\/div>\n\t\t\t\t<\/div>","protected":false},"excerpt":{"rendered":"<p>BLOG<\/p>","protected":false},"author":1,"featured_media":0,"parent":0,"menu_order":0,"comment_status":"closed","ping_status":"closed","template":"","meta":{"footnotes":""},"class_list":["post-639","page","type-page","status-publish","hentry"],"yoast_head":"<!-- This site is optimized with the Yoast SEO plugin v27.3 - https:\/\/yoast.com\/product\/yoast-seo-wordpress\/ -->\n<title>Wilhelm Global Blog | Sz\u00e1ll\u00e1s, catering &amp; rendezv\u00e9nyek<\/title>\n<meta name=\"description\" content=\"Olvassa el a Wilhelm Global blogj\u00e1t: tippek \u00e9s friss h\u00edrek P\u00e9csi \u00e9s Orf\u0171i apartmanokr\u00f3l, catering- \u00e9s rendezv\u00e9nyszervez\u00e9si szolg\u00e1ltat\u00e1sainkr\u00f3l.\" \/>\n<meta name=\"robots\" content=\"index, follow, max-snippet:-1, max-image-preview:large, max-video-preview:-1\" \/>\n<link rel=\"canonical\" href=\"https:\/\/wilhelmglobal.com\/en\/blog\/\" \/>\n<meta property=\"og:locale\" content=\"en_US\" \/>\n<meta property=\"og:type\" content=\"article\" \/>\n<meta property=\"og:title\" content=\"Wilhelm Global Blog | Sz\u00e1ll\u00e1s, catering &amp; rendezv\u00e9nyek\" \/>\n<meta property=\"og:description\" content=\"Olvassa el a Wilhelm Global blogj\u00e1t: tippek \u00e9s friss h\u00edrek P\u00e9csi \u00e9s Orf\u0171i apartmanokr\u00f3l, catering- \u00e9s rendezv\u00e9nyszervez\u00e9si szolg\u00e1ltat\u00e1sainkr\u00f3l.\" \/>\n<meta property=\"og:url\" content=\"https:\/\/wilhelmglobal.com\/en\/blog\/\" \/>\n<meta property=\"og:site_name\" content=\"wilhelmglobal.com\" \/>\n<meta property=\"article:modified_time\" content=\"2025-11-08T00:47:03+00:00\" \/>\n<meta name=\"twitter:card\" content=\"summary_large_image\" \/>\n<meta name=\"twitter:label1\" content=\"Est. reading time\" \/>\n\t<meta name=\"twitter:data1\" content=\"1 minute\" \/>\n<script type=\"application\/ld+json\" class=\"yoast-schema-graph\">{\"@context\":\"https:\\\/\\\/schema.org\",\"@graph\":[{\"@type\":\"WebPage\",\"@id\":\"https:\\\/\\\/wilhelmglobal.com\\\/blog\\\/\",\"url\":\"https:\\\/\\\/wilhelmglobal.com\\\/blog\\\/\",\"name\":\"Wilhelm Global Blog | Sz\u00e1ll\u00e1s, catering & rendezv\u00e9nyek\",\"isPartOf\":{\"@id\":\"https:\\\/\\\/wilhelmglobal.com\\\/#website\"},\"datePublished\":\"2025-09-02T14:41:49+00:00\",\"dateModified\":\"2025-11-08T00:47:03+00:00\",\"description\":\"Olvassa el a Wilhelm Global blogj\u00e1t: tippek \u00e9s friss h\u00edrek P\u00e9csi \u00e9s Orf\u0171i apartmanokr\u00f3l, catering- \u00e9s rendezv\u00e9nyszervez\u00e9si szolg\u00e1ltat\u00e1sainkr\u00f3l.\",\"breadcrumb\":{\"@id\":\"https:\\\/\\\/wilhelmglobal.com\\\/blog\\\/#breadcrumb\"},\"inLanguage\":\"en-US\",\"potentialAction\":[{\"@type\":\"ReadAction\",\"target\":[\"https:\\\/\\\/wilhelmglobal.com\\\/blog\\\/\"]}]},{\"@type\":\"BreadcrumbList\",\"@id\":\"https:\\\/\\\/wilhelmglobal.com\\\/blog\\\/#breadcrumb\",\"itemListElement\":[{\"@type\":\"ListItem\",\"position\":1,\"name\":\"Home\",\"item\":\"https:\\\/\\\/wilhelmglobal.com\\\/\"},{\"@type\":\"ListItem\",\"position\":2,\"name\":\"Blog\"}]},{\"@type\":\"WebSite\",\"@id\":\"https:\\\/\\\/wilhelmglobal.com\\\/#website\",\"url\":\"https:\\\/\\\/wilhelmglobal.com\\\/\",\"name\":\"wilhelmglobal.com\",\"description\":\"\",\"potentialAction\":[{\"@type\":\"SearchAction\",\"target\":{\"@type\":\"EntryPoint\",\"urlTemplate\":\"https:\\\/\\\/wilhelmglobal.com\\\/?s={search_term_string}\"},\"query-input\":{\"@type\":\"PropertyValueSpecification\",\"valueRequired\":true,\"valueName\":\"search_term_string\"}}],\"inLanguage\":\"en-US\"}]}<\/script>\n<!-- \/ Yoast SEO plugin. -->","yoast_head_json":{"title":"Wilhelm Global Blog | Sz\u00e1ll\u00e1s, catering & rendezv\u00e9nyek","description":"Olvassa el a Wilhelm Global blogj\u00e1t: tippek \u00e9s friss h\u00edrek P\u00e9csi \u00e9s Orf\u0171i apartmanokr\u00f3l, catering- \u00e9s rendezv\u00e9nyszervez\u00e9si szolg\u00e1ltat\u00e1sainkr\u00f3l.","robots":{"index":"index","follow":"follow","max-snippet":"max-snippet:-1","max-image-preview":"max-image-preview:large","max-video-preview":"max-video-preview:-1"},"canonical":"https:\/\/wilhelmglobal.com\/en\/blog\/","og_locale":"en_US","og_type":"article","og_title":"Wilhelm Global Blog | Sz\u00e1ll\u00e1s, catering & rendezv\u00e9nyek","og_description":"Olvassa el a Wilhelm Global blogj\u00e1t: tippek \u00e9s friss h\u00edrek P\u00e9csi \u00e9s Orf\u0171i apartmanokr\u00f3l, catering- \u00e9s rendezv\u00e9nyszervez\u00e9si szolg\u00e1ltat\u00e1sainkr\u00f3l.","og_url":"https:\/\/wilhelmglobal.com\/en\/blog\/","og_site_name":"wilhelmglobal.com","article_modified_time":"2025-11-08T00:47:03+00:00","twitter_card":"summary_large_image","twitter_misc":{"Est. reading time":"1 minute"},"schema":{"@context":"https:\/\/schema.org","@graph":[{"@type":"WebPage","@id":"https:\/\/wilhelmglobal.com\/blog\/","url":"https:\/\/wilhelmglobal.com\/blog\/","name":"Wilhelm Global Blog | Sz\u00e1ll\u00e1s, catering & rendezv\u00e9nyek","isPartOf":{"@id":"https:\/\/wilhelmglobal.com\/#website"},"datePublished":"2025-09-02T14:41:49+00:00","dateModified":"2025-11-08T00:47:03+00:00","description":"Olvassa el a Wilhelm Global blogj\u00e1t: tippek \u00e9s friss h\u00edrek P\u00e9csi \u00e9s Orf\u0171i apartmanokr\u00f3l, catering- \u00e9s rendezv\u00e9nyszervez\u00e9si szolg\u00e1ltat\u00e1sainkr\u00f3l.","breadcrumb":{"@id":"https:\/\/wilhelmglobal.com\/blog\/#breadcrumb"},"inLanguage":"en-US","potentialAction":[{"@type":"ReadAction","target":["https:\/\/wilhelmglobal.com\/blog\/"]}]},{"@type":"BreadcrumbList","@id":"https:\/\/wilhelmglobal.com\/blog\/#breadcrumb","itemListElement":[{"@type":"ListItem","position":1,"name":"Home","item":"https:\/\/wilhelmglobal.com\/"},{"@type":"ListItem","position":2,"name":"Blog"}]},{"@type":"WebSite","@id":"https:\/\/wilhelmglobal.com\/#website","url":"https:\/\/wilhelmglobal.com\/","name":"wilhelmglobal.com","description":"","potentialAction":[{"@type":"SearchAction","target":{"@type":"EntryPoint","urlTemplate":"https:\/\/wilhelmglobal.com\/?s={search_term_string}"},"query-input":{"@type":"PropertyValueSpecification","valueRequired":true,"valueName":"search_term_string"}}],"inLanguage":"en-US"}]}},"_links":{"self":[{"href":"https:\/\/wilhelmglobal.com\/en\/wp-json\/wp\/v2\/pages\/639","targetHints":{"allow":["GET"]}}],"collection":[{"href":"https:\/\/wilhelmglobal.com\/en\/wp-json\/wp\/v2\/pages"}],"about":[{"href":"https:\/\/wilhelmglobal.com\/en\/wp-json\/wp\/v2\/types\/page"}],"author":[{"embeddable":true,"href":"https:\/\/wilhelmglobal.com\/en\/wp-json\/wp\/v2\/users\/1"}],"replies":[{"embeddable":true,"href":"https:\/\/wilhelmglobal.com\/en\/wp-json\/wp\/v2\/comments?post=639"}],"version-history":[{"count":16,"href":"https:\/\/wilhelmglobal.com\/en\/wp-json\/wp\/v2\/pages\/639\/revisions"}],"predecessor-version":[{"id":1378,"href":"https:\/\/wilhelmglobal.com\/en\/wp-json\/wp\/v2\/pages\/639\/revisions\/1378"}],"wp:attachment":[{"href":"https:\/\/wilhelmglobal.com\/en\/wp-json\/wp\/v2\/media?parent=639"}],"curies":[{"name":"wp","href":"https:\/\/api.w.org\/{rel}","templated":true}]}}